{"id":2,"date":"2021-11-23T15:57:56","date_gmt":"2021-11-23T14:57:56","guid":{"rendered":"https:\/\/test.corsologisticspecialist.it\/?page_id=2"},"modified":"2021-11-23T16:22:59","modified_gmt":"2021-11-23T15:22:59","slug":"pagina-di-esempio","status":"publish","type":"page","link":"https:\/\/test.corsologisticspecialist.it\/","title":{"rendered":"Pagina di esempio"},"content":{"rendered":"\n<!-- FORM -->\n<form id=\"form\">\n  <div>\n    <label>Name<\/label>\n    <input type=\"text\" name=\"name\">\n  <\/div>\n  <div>\n    <label>Surname<\/label>\n    <input type=\"text\" name=\"surname\">\n  <\/div>\n  <div>\n    <label>Email<\/label>\n    <input type=\"text\" name=\"email\">\n  <\/div>\n  <div>\n    <label>Telefono<\/label>\n    <input type=\"text\" name=\"telefono\">\n  <\/div>\n  <div>\n    <p>\n      <input type=\"checkbox\" name=\"documents\">\n      I&#8217;ve read the Privacy Policy and accept the Terms and Condition\n    <\/p>\n    <p>\n      <input type=\"checkbox\" name=\"newsletter\">\n      I agree to receiving a newsletter with information and offers regarding this service (optional)\n    <\/p>    \n    <p>\n      <input type=\"checkbox\" name=\"dem\">\n      I agree to receiving a newsletter with information and offers about products and services by third parties (optional)\n    <\/p>\n  <\/div>\n  <div>\n    <button id=\"submit_button\">Send<\/button>\n  <\/div>\n<\/form>\n<script>\n   \/** LOAD *\/\n   _iub.cons_instructions.push([\"load\",{\n          submitElement: document.getElementById(\"submit_button\"),\n          form: {\n            selector: document.getElementById(\"form\"),\n            map: {          \n              subject: {           \n                first_name: \"name\",\n                last_name: \"surname\",\n                email: \"email\"\n              },\n              preferences: {\n                legal_documents: \"documents\",\n                newsletter: \"newsletter\",\n                dem: \"dem\"\n              }\n            }\n          },\n          consent: {\n            legal_notices: [\n              {\n                identifier: 'privacy_policy',\n              },     \n              {\n                identifier: 'cookie_policy',\n              },         \n              {\n                identifier: 'term',\n              }\n            ],\n          }\n      }]);\n<\/script>\n\n\n\n<a href=\"https:\/\/www.iubenda.com\/privacy-policy\/63862173\" class=\"iubenda-white no-brand iubenda-noiframe iubenda-embed iubenda-noiframe \" title=\"Privacy Policy \">Privacy Policy<\/a><script type=\"text\/javascript\">(function (w,d) {var loader = function () {var s = d.createElement(\"script\"), tag = d.getElementsByTagName(\"script\")[0]; s.src=\"https:\/\/cdn.iubenda.com\/iubenda.js\"; tag.parentNode.insertBefore(s,tag);}; if(w.addEventListener){w.addEventListener(\"load\", loader, false);}else if(w.attachEvent){w.attachEvent(\"onload\", loader);}else{w.onload = loader;}})(window, document);<\/script>\n\n\n\n<p>&#8230;o qualcosa di simile:<\/p>\n\n\n\n<blockquote class=\"wp-block-quote is-layout-flow wp-block-quote-is-layout-flow\"><p>La Societ\u00e0 XYZ Aggeggi \u00e8 stata fondata nel 1971 e da allora fornisce al pubblico aggeggi di ottima qualit\u00e0. Situata a Fantasilandia, XYZ impiega oltre 2.000 persone e realizza ogni sorta di aggeggio fantastico per la comunit\u00e0 di Fantasilandia.<\/p><\/blockquote>\n\n\n\n<p>Come nuovo utente di WordPress, dovresti andare nella tua <a href=\"https:\/\/test.corsologisticspecialist.it\/wp-admin\/\">Bacheca<\/a> per eliminare questa pagina, e crearne delle nuove per i tuoi contenuti. Divertiti!<\/p>\n","protected":false},"excerpt":{"rendered":"<p>Name Surname Email Telefono I&#8217;ve read the Privacy Policy and accept the Terms and Condition I agree to receiving a newsletter with information and offers regarding this service (optional) I agree to receiving a newsletter with information and offers about products and services by third parties (optional) Send Privacy Policy &#8230;o qualcosa di simile: La&hellip; <a class=\"more-link\" href=\"https:\/\/test.corsologisticspecialist.it\/\">Continua a leggere <span class=\"screen-reader-text\">Pagina di esempio<\/span><\/a><\/p>\n","protected":false},"author":1,"featured_media":0,"parent":0,"menu_order":0,"comment_status":"closed","ping_status":"open","template":"","meta":{"footnotes":""},"class_list":["post-2","page","type-page","status-publish","hentry","entry"],"_links":{"self":[{"href":"https:\/\/test.corsologisticspecialist.it\/index.php?rest_route=\/wp\/v2\/pages\/2","targetHints":{"allow":["GET"]}}],"collection":[{"href":"https:\/\/test.corsologisticspecialist.it\/index.php?rest_route=\/wp\/v2\/pages"}],"about":[{"href":"https:\/\/test.corsologisticspecialist.it\/index.php?rest_route=\/wp\/v2\/types\/page"}],"author":[{"embeddable":true,"href":"https:\/\/test.corsologisticspecialist.it\/index.php?rest_route=\/wp\/v2\/users\/1"}],"replies":[{"embeddable":true,"href":"https:\/\/test.corsologisticspecialist.it\/index.php?rest_route=%2Fwp%2Fv2%2Fcomments&post=2"}],"version-history":[{"count":4,"href":"https:\/\/test.corsologisticspecialist.it\/index.php?rest_route=\/wp\/v2\/pages\/2\/revisions"}],"predecessor-version":[{"id":25,"href":"https:\/\/test.corsologisticspecialist.it\/index.php?rest_route=\/wp\/v2\/pages\/2\/revisions\/25"}],"wp:attachment":[{"href":"https:\/\/test.corsologisticspecialist.it\/index.php?rest_route=%2Fwp%2Fv2%2Fmedia&parent=2"}],"curies":[{"name":"wp","href":"https:\/\/api.w.org\/{rel}","templated":true}]}}